{"id":2917,"date":"2023-02-22T22:17:30","date_gmt":"2023-02-22T22:17:30","guid":{"rendered":"https:\/\/schaeferrolls.com\/news_neubau_slowenien_2020\/"},"modified":"2023-05-26T10:26:28","modified_gmt":"2023-05-26T10:26:28","slug":"new_plant_slovenia_2020","status":"publish","type":"page","link":"https:\/\/schaeferrolls.com\/en\/news\/new_plant_slovenia_2020\/","title":{"rendered":"New Plant Slovenia 2020"},"content":{"rendered":"<div data-colibri-id=\"2917-c1\" class=\"style-1608 style-local-2917-c1 position-relative\">\n  <!---->\n  <div data-colibri-component=\"section\" data-colibri-id=\"2917-c2\" id=\"reusable-sections\" class=\"h-section h-section-global-spacing d-flex align-items-lg-center align-items-md-center align-items-center style-2752 style-local-2917-c2 h-hide-md h-hide-sm position-relative\">\n    <!---->\n    <!---->\n    <div class=\"h-section-grid-container h-section-boxed-container\">\n      <!---->\n      <div data-colibri-id=\"2917-c3\" class=\"h-row-container gutters-row-lg-2 gutters-row-md-2 gutters-row-0 gutters-row-v-lg-2 gutters-row-v-md-2 gutters-row-v-2 style-1610 style-local-2917-c3 position-relative\">\n        <!---->\n        <div class=\"h-row justify-content-lg-center justify-content-md-center justify-content-center align-items-lg-stretch align-items-md-stretch align-items-stretch gutters-col-lg-2 gutters-col-md-2 gutters-col-0 gutters-col-v-lg-2 gutters-col-v-md-2 gutters-col-v-2\">\n          <!---->\n          <div class=\"h-column h-column-container d-flex h-col-lg-auto h-col-md-auto h-col-auto style-1611-outer style-local-2917-c4-outer\">\n            <div data-colibri-id=\"2917-c4\" class=\"d-flex h-flex-basis h-column__inner h-px-lg-2 h-px-md-2 h-px-2 v-inner-lg-2 v-inner-md-2 v-inner-2 style-1611 style-local-2917-c4 position-relative\">\n              <!---->\n              <!---->\n              <div class=\"w-100 h-y-container h-column__content h-column__v-align flex-basis-100 align-self-lg-start align-self-md-start align-self-start\">\n                <!---->\n                <div data-colibri-id=\"2917-c5\" class=\"h-text h-text-component style-1612 style-local-2917-c5 position-relative h-element\">\n                  <!---->\n                  <!---->\n                  <div class=\"\">\n                    <p>\n                      <br>\n                    <\/p>\n                    <p>Always up to date.<\/p>\n                    <p>What&#8217;s new at Sch\u00e4ferRolls?<\/p>\n                  <\/div>\n                <\/div>\n              <\/div>\n            <\/div>\n          <\/div>\n        <\/div>\n      <\/div>\n    <\/div>\n  <\/div>\n  <div data-colibri-component=\"section\" data-colibri-id=\"2917-c6\" id=\"reusable-sections-2\" class=\"h-section h-section-global-spacing d-flex align-items-lg-center align-items-md-center align-items-center style-2753 style-local-2917-c6 position-relative\">\n    <!---->\n    <!---->\n    <div class=\"h-section-grid-container h-section-boxed-container\">\n      <!---->\n      <div data-colibri-id=\"2917-c7\" class=\"h-row-container gutters-row-lg-2 gutters-row-md-2 gutters-row-0 gutters-row-v-lg-2 gutters-row-v-md-2 gutters-row-v-2 style-1614 style-local-2917-c7 position-relative\">\n        <!---->\n        <div class=\"h-row justify-content-lg-start justify-content-md-start justify-content-start align-items-lg-stretch align-items-md-stretch align-items-stretch gutters-col-lg-2 gutters-col-md-2 gutters-col-0 gutters-col-v-lg-2 gutters-col-v-md-2 gutters-col-v-2\">\n          <!---->\n          <div class=\"h-column h-column-container d-flex h-col-lg-auto h-col-md-auto h-col-auto style-1615-outer style-local-2917-c8-outer\">\n            <div data-colibri-id=\"2917-c8\" class=\"d-flex h-flex-basis h-column__inner h-px-lg-2 h-px-md-2 h-px-2 v-inner-lg-2 v-inner-md-2 v-inner-2 style-1615 style-local-2917-c8 position-relative\">\n              <!---->\n              <!---->\n              <div class=\"w-100 h-y-container h-column__content h-column__v-align flex-basis-100 align-self-lg-start align-self-md-start align-self-start\">\n                <!---->\n                <div data-colibri-id=\"2917-c9\" class=\"h-global-transition-all h-heading style-1616 style-local-2917-c9 position-relative h-element\">\n                  <!---->\n                  <div class=\"h-heading__outer style-1616 style-local-2917-c9\">\n                    <!---->\n                    <!---->\n                    <h2 class=\"\">New <span style=\"font-weight: 600;\">production<\/span> and <span style=\"font-weight: 600;\">administration facilities&nbsp;<\/span>for <span style=\"font-weight: 600;\">Sch\u00e4ferRolls d.o.o.<\/span> in Brnik, Slovenia<\/h2>\n                  <\/div>\n                <\/div>\n              <\/div>\n            <\/div>\n          <\/div>\n        <\/div>\n      <\/div>\n      <div data-colibri-id=\"2917-c10\" class=\"h-row-container gutters-row-lg-2 gutters-row-md-2 gutters-row-0 gutters-row-v-lg-2 gutters-row-v-md-2 gutters-row-v-2 style-1617 style-local-2917-c10 position-relative\">\n        <!---->\n        <div class=\"h-row justify-content-lg-start justify-content-md-start justify-content-start align-items-lg-stretch align-items-md-stretch align-items-stretch gutters-col-lg-2 gutters-col-md-2 gutters-col-0 gutters-col-v-lg-2 gutters-col-v-md-2 gutters-col-v-2\">\n          <!---->\n          <div class=\"h-column h-column-container d-flex h-col-lg-auto h-col-md-auto h-col-auto style-1618-outer style-local-2917-c11-outer\">\n            <div data-colibri-id=\"2917-c11\" class=\"d-flex h-flex-basis h-column__inner h-px-lg-2 h-px-md-2 h-px-2 v-inner-lg-2 v-inner-md-2 v-inner-2 style-1618 style-local-2917-c11 position-relative\">\n              <!---->\n              <!---->\n              <div class=\"w-100 h-y-container h-column__content h-column__v-align flex-basis-100 align-self-lg-start align-self-md-start align-self-start\">\n                <!---->\n                <div data-colibri-id=\"2917-c12\" class=\"h-text h-text-component style-1620 style-local-2917-c12 position-relative h-element\">\n                  <!---->\n                  <!---->\n                  <div class=\"\">\n                    <p><span style=\"font-weight: 500;\">New hall and building concept on a greenfield site<\/span>\n                      <br>Sch\u00e4ferRolls d.o.o., manufacturer of high-performance roll covers made of elastomer materials in Slovenia and a subsidiary of Sch\u00e4ferRolls GmbH &amp; Co. KG from Renningen in Germany, moved into new premises near Brnik Airport, Slovenia,\n                      at the end of 2020.&nbsp;&#8220;Quite with pride we are happy to present our new facilities\u201c, says Gregor A\u017eman, Managing Director of Sch\u00e4ferRolls d.o.o. &#8220;After the lease for our previous location in Kranj expired, we took the opportunity\n                      to design a completely new hall and building concept on a blank sheet of paperthat is ideally designed to meet the requirements of our production.&#8221;<\/p>\n                    <p><span style=\"font-weight: 500;\">Increased efficiency through additional capacity and a modern logistics concept<\/span>\n                      <br>The production hall with almost 5,000 m\u00b2 follows the latest specifications of building and production technology, both architecturally and in terms of process technology. The production area is divided into three parts which ensures\n                      maximum utilization of the space and the production facilities. &#8220;The aim was to significantly reduce internal operational logistics and to create more space for the mechanical maintenance of rolls&#8221;, explains A\u017eman. &#8220;I am convinced\n                      that we now have ideal conditions to offer our customers the best possible service.&#8221;\n                      <br>The administrative staff now also have access to spacious industrial-style premises with a modern lighting and acoustic concept.<\/p>\n                  <\/div>\n                <\/div>\n              <\/div>\n            <\/div>\n          <\/div>\n        <\/div>\n      <\/div>\n    <\/div>\n  <\/div>\n  <div data-colibri-component=\"section\" data-colibri-id=\"2917-c13\" id=\"reusable-sections-3\" class=\"h-section h-section-global-spacing d-flex align-items-lg-center align-items-md-center align-items-center style-1625 style-local-2917-c13 position-relative\">\n    <!---->\n    <!---->\n    <div class=\"h-section-grid-container h-section-boxed-container\">\n      <!---->\n      <div data-colibri-component=\"slider\" data-colibri-id=\"2917-c14\" class=\"h-slider d-flex style-1626 style-local-2917-c14 position-relative\">\n        <!---->\n        <div class=\"swiper-container h-row-container gutters-row-lg-2 gutters-row-md-2 gutters-row-3 gutters-row-v-lg-3 gutters-row-v-md-3 gutters-row-v-3 h-overflow-hidden\">\n          <div class=\"swiper-wrapper h-row justify-content-lg-start justify-content-md-start justify-content-start align-items-lg-stretch align-items-md-stretch align-items-stretch gutters-col-lg-2 gutters-col-md-2 gutters-col-3 gutters-col-v-lg-3 gutters-col-v-md-3 gutters-col-v-3\">\n            <div data-colibri-component=\"link\" data-href=\"\" class=\"h-slider-item swiper-slide h-column h-column-container d-flex h-col-auto style-1627-outer style-local-2917-c15-outer\">\n              <div data-colibri-id=\"2917-c15\" class=\"w-100 h-swiper-item__inner d-flex h-flex-basis h-HopTextCarouselItem__inner h-ui-empty-state-container h-px-lg-2 h-px-md-2 h-px-2 v-inner-lg-2 v-inner-md-2 v-inner-2 style-1627 style-local-2917-c15 position-relative\">\n                <div class=\"background-wrapper\">\n                  <div class=\"background-layer background-layer-media-container-lg\">\n                    <div data-enabled=\"false\" data-colibri-component=\"parallax\" class=\"background-layer\" model-id=\"2917-c15\" media=\"desktop\" is-preview=\"true\" style=\"background-position: 46.7439% 84.8191%; background-size: cover; background-image: url(&quot;https:\/\/schaeferrolls.com\/wp-content\/uploads\/2023\/02\/SchaeferRolls-doo_new-facilities-scaled.jpg&quot;); background-attachment: scroll; background-repeat: no-repeat;\"><\/div>\n                  <\/div>\n                  <div class=\"background-layer background-layer-media-container-md\">\n                    <div data-enabled=\"false\" data-colibri-component=\"parallax\" class=\"background-layer\" model-id=\"2917-c15\" media=\"tablet\" is-preview=\"true\" style=\"background-position: 46.7439% 84.8191%; background-size: cover; background-image: url(&quot;https:\/\/schaeferrolls.com\/wp-content\/uploads\/2023\/02\/SchaeferRolls-doo_new-facilities-scaled.jpg&quot;); background-attachment: scroll; background-repeat: no-repeat;\"><\/div>\n                  <\/div>\n                  <div class=\"background-layer background-layer-media-container\">\n                    <div data-enabled=\"false\" data-colibri-component=\"parallax\" class=\"background-layer\" model-id=\"2917-c15\" media=\"mobile\" is-preview=\"true\" style=\"background-position: 46.7439% 84.8191%; background-size: cover; background-image: url(&quot;https:\/\/schaeferrolls.com\/wp-content\/uploads\/2023\/02\/SchaeferRolls-doo_new-facilities-scaled.jpg&quot;); background-attachment: scroll; background-repeat: no-repeat;\"><\/div>\n                  <\/div>\n                <\/div>\n                <div class=\"w-100 h-100 d-flex justify-content-lg-center justify-content-md-center justify-content-center align-items-lg-center align-items-md-center align-items-center\">\n                  <div class=\"w-100 h-y-container h-column__content h-column__v-align flex-basis-100 h-slider-item-content-wrapper\">\n                    <!---->\n                  <\/div>\n                <\/div>\n              <\/div>\n            <\/div>\n            <div data-colibri-component=\"link\" data-href=\"\" class=\"h-slider-item swiper-slide h-column h-column-container d-flex h-col-auto style-1628-outer style-local-2917-c16-outer\">\n              <div data-colibri-id=\"2917-c16\" class=\"w-100 h-swiper-item__inner d-flex h-flex-basis h-HopTextCarouselItem__inner h-ui-empty-state-container h-px-lg-2 h-px-md-2 h-px-2 v-inner-lg-2 v-inner-md-2 v-inner-2 style-1628 style-local-2917-c16 position-relative\">\n                <div class=\"background-wrapper\">\n                  <div class=\"background-layer background-layer-media-container-lg\">\n                    <div data-enabled=\"false\" data-colibri-component=\"parallax\" class=\"background-layer\" model-id=\"2917-c16\" media=\"desktop\" is-preview=\"true\" style=\"background-position: 61.7368% 50.8165%; background-size: cover; background-image: url(&quot;https:\/\/schaeferrolls.com\/wp-content\/uploads\/2023\/02\/SchaeferRolls-doo_new-production-hall-scaled.jpg&quot;); background-attachment: scroll; background-repeat: no-repeat;\"><\/div>\n                  <\/div>\n                  <div class=\"background-layer background-layer-media-container-md\">\n                    <div data-enabled=\"false\" data-colibri-component=\"parallax\" class=\"background-layer\" model-id=\"2917-c16\" media=\"tablet\" is-preview=\"true\" style=\"background-position: 61.7368% 50.8165%; background-size: cover; background-image: url(&quot;https:\/\/schaeferrolls.com\/wp-content\/uploads\/2023\/02\/SchaeferRolls-doo_new-production-hall-scaled.jpg&quot;); background-attachment: scroll; background-repeat: no-repeat;\"><\/div>\n                  <\/div>\n                  <div class=\"background-layer background-layer-media-container\">\n                    <div data-enabled=\"false\" data-colibri-component=\"parallax\" class=\"background-layer\" model-id=\"2917-c16\" media=\"mobile\" is-preview=\"true\" style=\"background-position: 61.7368% 50.8165%; background-size: cover; background-image: url(&quot;https:\/\/schaeferrolls.com\/wp-content\/uploads\/2023\/02\/SchaeferRolls-doo_new-production-hall-scaled.jpg&quot;); background-attachment: scroll; background-repeat: no-repeat;\"><\/div>\n                  <\/div>\n                <\/div>\n                <div class=\"w-100 h-100 d-flex justify-content-lg-center justify-content-md-center justify-content-center align-items-lg-center align-items-md-center align-items-center\">\n                  <div class=\"w-100 h-y-container h-column__content h-column__v-align flex-basis-100 h-slider-item-content-wrapper\">\n                    <!---->\n                  <\/div>\n                <\/div>\n              <\/div>\n            <\/div>\n            <div data-colibri-component=\"link\" data-href=\"\" class=\"h-slider-item swiper-slide h-column h-column-container d-flex h-col-auto style-1629-outer style-local-2917-c17-outer\">\n              <div data-colibri-id=\"2917-c17\" class=\"w-100 h-swiper-item__inner d-flex h-flex-basis h-HopTextCarouselItem__inner h-ui-empty-state-container h-px-lg-2 h-px-md-2 h-px-2 v-inner-lg-2 v-inner-md-2 v-inner-2 style-1629 style-local-2917-c17 position-relative\">\n                <div class=\"background-wrapper\">\n                  <div class=\"background-layer background-layer-media-container-lg\">\n                    <div data-enabled=\"false\" data-colibri-component=\"parallax\" class=\"background-layer\" model-id=\"2917-c17\" media=\"desktop\" is-preview=\"true\" style=\"background-position: 61.7368% 50.8165%; background-size: cover; background-image: url(&quot;https:\/\/schaeferrolls.com\/wp-content\/uploads\/2023\/02\/SchaeferRolls-doo_new-administration-office_1-scaled.jpg&quot;); background-attachment: scroll; background-repeat: no-repeat;\"><\/div>\n                  <\/div>\n                  <div class=\"background-layer background-layer-media-container-md\">\n                    <div data-enabled=\"false\" data-colibri-component=\"parallax\" class=\"background-layer\" model-id=\"2917-c17\" media=\"tablet\" is-preview=\"true\" style=\"background-position: 61.7368% 50.8165%; background-size: cover; background-image: url(&quot;https:\/\/schaeferrolls.com\/wp-content\/uploads\/2023\/02\/SchaeferRolls-doo_new-administration-office_1-scaled.jpg&quot;); background-attachment: scroll; background-repeat: no-repeat;\"><\/div>\n                  <\/div>\n                  <div class=\"background-layer background-layer-media-container\">\n                    <div data-enabled=\"false\" data-colibri-component=\"parallax\" class=\"background-layer\" model-id=\"2917-c17\" media=\"mobile\" is-preview=\"true\" style=\"background-position: 61.7368% 50.8165%; background-size: cover; background-image: url(&quot;https:\/\/schaeferrolls.com\/wp-content\/uploads\/2023\/02\/SchaeferRolls-doo_new-administration-office_1-scaled.jpg&quot;); background-attachment: scroll; background-repeat: no-repeat;\"><\/div>\n                  <\/div>\n                <\/div>\n                <div class=\"w-100 h-100 d-flex justify-content-lg-center justify-content-md-center justify-content-center align-items-lg-center align-items-md-center align-items-center\">\n                  <div class=\"w-100 h-y-container h-column__content h-column__v-align flex-basis-100 h-slider-item-content-wrapper\">\n                    <!---->\n                  <\/div>\n                <\/div>\n              <\/div>\n            <\/div>\n            <div data-colibri-component=\"link\" data-href=\"\" class=\"h-slider-item swiper-slide h-column h-column-container d-flex h-col-auto style-1630-outer style-local-2917-c18-outer\">\n              <div data-colibri-id=\"2917-c18\" class=\"w-100 h-swiper-item__inner d-flex h-flex-basis h-HopTextCarouselItem__inner h-ui-empty-state-container h-px-lg-2 h-px-md-2 h-px-2 v-inner-lg-2 v-inner-md-2 v-inner-2 style-1630 style-local-2917-c18 position-relative\">\n                <div class=\"background-wrapper\">\n                  <div class=\"background-layer background-layer-media-container-lg\">\n                    <div data-enabled=\"false\" data-colibri-component=\"parallax\" class=\"background-layer\" model-id=\"2917-c18\" media=\"desktop\" is-preview=\"true\" style=\"background-position: 61.7368% 50.8165%; background-size: cover; background-image: url(&quot;https:\/\/schaeferrolls.com\/wp-content\/uploads\/2023\/02\/SchaeferRolls-doo_new-administration-office_2-scaled.jpg&quot;); background-attachment: scroll; background-repeat: no-repeat;\"><\/div>\n                  <\/div>\n                  <div class=\"background-layer background-layer-media-container-md\">\n                    <div data-enabled=\"false\" data-colibri-component=\"parallax\" class=\"background-layer\" model-id=\"2917-c18\" media=\"tablet\" is-preview=\"true\" style=\"background-position: 61.7368% 50.8165%; background-size: cover; background-image: url(&quot;https:\/\/schaeferrolls.com\/wp-content\/uploads\/2023\/02\/SchaeferRolls-doo_new-administration-office_2-scaled.jpg&quot;); background-attachment: scroll; background-repeat: no-repeat;\"><\/div>\n                  <\/div>\n                  <div class=\"background-layer background-layer-media-container\">\n                    <div data-enabled=\"false\" data-colibri-component=\"parallax\" class=\"background-layer\" model-id=\"2917-c18\" media=\"mobile\" is-preview=\"true\" style=\"background-position: 61.7368% 50.8165%; background-size: cover; background-image: url(&quot;https:\/\/schaeferrolls.com\/wp-content\/uploads\/2023\/02\/SchaeferRolls-doo_new-administration-office_2-scaled.jpg&quot;); background-attachment: scroll; background-repeat: no-repeat;\"><\/div>\n                  <\/div>\n                <\/div>\n                <div class=\"w-100 h-100 d-flex justify-content-lg-center justify-content-md-center justify-content-center align-items-lg-center align-items-md-center align-items-center\">\n                  <div class=\"w-100 h-y-container h-column__content h-column__v-align flex-basis-100 h-slider-item-content-wrapper\">\n                    <!---->\n                  <\/div>\n                <\/div>\n              <\/div>\n            <\/div>\n          <\/div>\n          <div class=\"resize-triggers\">\n            <div class=\"expand-trigger\">\n              <div style=\"width: 1px; height: 1px;\"><\/div>\n            <\/div>\n            <div class=\"contract-trigger\"><\/div>\n          <\/div>\n        <\/div>\n        <div class=\"h-swiper-dots__outer justify-content-lg-center justify-content-md-center justify-content-center align-items-lg-end align-items-md-end align-items-end style-1637-positionWrapper style-local-2917-c23-positionWrapper h-element\">\n          <div data-colibri-id=\"2917-c23\" class=\"h-swiper-dots__wrapper style-1637 style-local-2917-c23 position-relative\">\n            <!---->\n            <div id=\"swiper-pagination__2917-c14\" class=\"h-swiper-dots swiper-pagination d-flex swiper-pagination-clickable swiper-pagination-bullets\"><\/div>\n            <div><\/div>\n          <\/div>\n        <\/div>\n        <div data-colibri-id=\"2917-c19\" class=\"h-swiper-arrow__outer justify-content-lg-start justify-content-md-start justify-content-start align-items-lg-center align-items-md-center align-items-center style-1634 style-local-2917-c19 position-relative h-element\">\n          <!---->\n          <div id=\"swiper-arrow__2917-c19\" class=\"h-swiper-arrow h-slider-navigation-arrow swiper-button-prev\">\n            <div data-colibri-id=\"2917-c20\" class=\"h-icon style-1635 style-local-2917-c20 position-relative h-element\">\n              <!----><span class=\"h-svg-icon h-icon__icon style-1635-icon style-local-2917-c20-icon\"><!--Icon by Font Awesome (https:\/\/fontawesome.com)-->\n    <svg version=\"1.1\" xmlns=\"http:\/\/www.w3.org\/2000\/svg\" xmlns:xlink=\"http:\/\/www.w3.org\/1999\/xlink\" id=\"chevron-left\" viewBox=\"0 0 1289.1823 1896.0833\">\n      <path d=\"M1171 301L640 832l531 531q19 19 19 45t-19 45l-166 166q-19 19-45 19t-45-19L173 877q-19-19-19-45t19-45L915 45q19-19 45-19t45 19l166 166q19 19 19 45t-19 45z\"><\/path>\n    <\/svg><\/span><\/div>\n          <\/div>\n        <\/div>\n        <div data-colibri-id=\"2917-c21\" class=\"h-swiper-arrow__outer justify-content-lg-end justify-content-md-end justify-content-end align-items-lg-center align-items-md-center align-items-center style-1636 style-local-2917-c21 position-relative h-element\">\n          <!---->\n          <div id=\"swiper-arrow__2917-c21\" class=\"h-swiper-arrow h-slider-navigation-arrow swiper-button-next\">\n            <div data-colibri-id=\"2917-c22\" class=\"h-icon style-1635 style-local-2917-c22 position-relative h-element\">\n              <!----><span class=\"h-svg-icon h-icon__icon style-1635-icon style-local-2917-c22-icon\"><!--Icon by Font Awesome (https:\/\/fontawesome.com)-->\n    <svg version=\"1.1\" xmlns=\"http:\/\/www.w3.org\/2000\/svg\" xmlns:xlink=\"http:\/\/www.w3.org\/1999\/xlink\" id=\"chevron-right\" viewBox=\"0 0 1280 1896.0833\">\n      <path d=\"M1107 877l-742 742q-19 19-45 19t-45-19l-166-166q-19-19-19-45t19-45l531-531-531-531q-19-19-19-45t19-45L275 45q19-19 45-19t45 19l742 742q19 19 19 45t-19 45z\"><\/path>\n    <\/svg><\/span><\/div>\n          <\/div>\n        <\/div>\n      <\/div>\n    <\/div>\n  <\/div>\n  <div data-colibri-component=\"section\" data-colibri-id=\"2917-c24\" id=\"reusable-sections-2\" class=\"h-section h-section-global-spacing d-flex align-items-lg-center align-items-md-center align-items-center style-1613 style-local-2917-c24 position-relative\">\n    <!---->\n    <!---->\n    <div class=\"h-section-grid-container h-section-boxed-container\">\n      <!---->\n      <div data-colibri-id=\"2917-c25\" class=\"h-row-container gutters-row-lg-2 gutters-row-md-2 gutters-row-0 gutters-row-v-lg-2 gutters-row-v-md-2 gutters-row-v-2 style-1621 style-local-2917-c25 position-relative\">\n        <!---->\n        <div class=\"h-row justify-content-lg-center justify-content-md-center justify-content-center align-items-lg-stretch align-items-md-stretch align-items-stretch gutters-col-lg-2 gutters-col-md-2 gutters-col-0 gutters-col-v-lg-2 gutters-col-v-md-2 gutters-col-v-2\">\n          <!---->\n          <div class=\"h-column h-column-container d-flex h-col-lg-auto h-col-md-auto h-col-auto style-1622-outer style-local-2917-c26-outer\">\n            <div data-colibri-id=\"2917-c26\" class=\"d-flex h-flex-basis h-column__inner h-px-lg-2 h-px-md-2 h-px-2 v-inner-lg-2 v-inner-md-2 v-inner-2 style-1622 style-local-2917-c26 position-relative\">\n              <!---->\n              <!---->\n              <div class=\"w-100 h-y-container h-column__content h-column__v-align flex-basis-100 align-self-lg-start align-self-md-start align-self-start\">\n                <!---->\n                <div data-colibri-id=\"2917-c27\" class=\"h-x-container style-1623 style-local-2917-c27 position-relative h-element\">\n                  <!---->\n                  <div class=\"h-x-container-inner style-dynamic-2917-c27-group style-1623-spacing style-local-2917-c27-spacing\"><span class=\"h-link__outer style-1624-outer style-local-2917-c28-outer d-inline-flex h-element\"><a h-use-smooth-scroll=\"true\" href=\" https:\/\/schaeferrolls.com\/en\/news\/\" rel=\"nofollow\"  data-colibri-id=\"2917-c28\" class=\"d-flex w-100 align-items-center h-link style-1624 style-local-2917-c28 position-relative\"><!----><!----> <span>BACK TO OVERVIEW<\/span><\/a>\n                    <\/span>\n                  <\/div>\n                <\/div>\n              <\/div>\n            <\/div>\n          <\/div>\n        <\/div>\n      <\/div>\n    <\/div>\n  <\/div>\n<\/div>","protected":false},"excerpt":{"rendered":"<p>Always up to date. What&#8217;s new at Sch\u00e4ferRolls? New production and administration facilities&nbsp;for Sch\u00e4ferRolls d.o.o. in Brnik, Slovenia New hall and building concept on a greenfield site Sch\u00e4ferRolls d.o.o., manufacturer of high-performance roll covers made of elastomer materials in Slovenia and a subsidiary of Sch\u00e4ferRolls GmbH &amp; Co. KG from Renningen in Germany, moved into [&hellip;]<\/p>\n","protected":false},"author":1,"featured_media":0,"parent":2921,"menu_order":0,"comment_status":"closed","ping_status":"closed","template":"page-templates\/full-width-page.php","meta":{"footnotes":""},"class_list":["post-2917","page","type-page","status-publish","hentry"],"_links":{"self":[{"href":"https:\/\/schaeferrolls.com\/en\/wp-json\/wp\/v2\/pages\/2917","targetHints":{"allow":["GET"]}}],"collection":[{"href":"https:\/\/schaeferrolls.com\/en\/wp-json\/wp\/v2\/pages"}],"about":[{"href":"https:\/\/schaeferrolls.com\/en\/wp-json\/wp\/v2\/types\/page"}],"author":[{"embeddable":true,"href":"https:\/\/schaeferrolls.com\/en\/wp-json\/wp\/v2\/users\/1"}],"replies":[{"embeddable":true,"href":"https:\/\/schaeferrolls.com\/en\/wp-json\/wp\/v2\/comments?post=2917"}],"version-history":[{"count":6,"href":"https:\/\/schaeferrolls.com\/en\/wp-json\/wp\/v2\/pages\/2917\/revisions"}],"predecessor-version":[{"id":7676,"href":"https:\/\/schaeferrolls.com\/en\/wp-json\/wp\/v2\/pages\/2917\/revisions\/7676"}],"up":[{"embeddable":true,"href":"https:\/\/schaeferrolls.com\/en\/wp-json\/wp\/v2\/pages\/2921"}],"wp:attachment":[{"href":"https:\/\/schaeferrolls.com\/en\/wp-json\/wp\/v2\/media?parent=2917"}],"curies":[{"name":"wp","href":"https:\/\/api.w.org\/{rel}","templated":true}]}}