{"id":9931,"date":"2023-08-08T13:45:52","date_gmt":"2023-08-08T13:45:52","guid":{"rendered":"https:\/\/schaeferrolls.com\/?page_id=9931"},"modified":"2023-08-09T07:46:03","modified_gmt":"2023-08-09T07:46:03","slug":"schaeferrolls-solar-power-plant","status":"publish","type":"page","link":"https:\/\/schaeferrolls.com\/en\/news\/schaeferrolls-solar-power-plant\/","title":{"rendered":"SchaeferRolls solar power plant"},"content":{"rendered":"<div data-colibri-id=\"9931-c1\" class=\"style-3194 style-local-9931-c1 position-relative\">\n  <!---->\n  <div data-colibri-component=\"section\" data-colibri-id=\"9931-c2\" id=\"reusable-sections\" class=\"h-section h-section-global-spacing d-flex align-items-lg-center align-items-md-center align-items-center style-3195 style-local-9931-c2 h-hide-md h-hide-sm position-relative\">\n    <!---->\n    <!---->\n    <div class=\"h-section-grid-container h-section-boxed-container\">\n      <!---->\n      <div data-colibri-id=\"9931-c3\" class=\"h-row-container gutters-row-lg-2 gutters-row-md-2 gutters-row-0 gutters-row-v-lg-2 gutters-row-v-md-2 gutters-row-v-2 style-3196 style-local-9931-c3 position-relative\">\n        <!---->\n        <div class=\"h-row justify-content-lg-center justify-content-md-center justify-content-center align-items-lg-stretch align-items-md-stretch align-items-stretch gutters-col-lg-2 gutters-col-md-2 gutters-col-0 gutters-col-v-lg-2 gutters-col-v-md-2 gutters-col-v-2\">\n          <!---->\n          <div class=\"h-column h-column-container d-flex h-col-lg-auto h-col-md-auto h-col-auto style-3197-outer style-local-9931-c4-outer\">\n            <div data-colibri-id=\"9931-c4\" class=\"d-flex h-flex-basis h-column__inner h-px-lg-2 h-px-md-2 h-px-2 v-inner-lg-2 v-inner-md-2 v-inner-2 style-3197 style-local-9931-c4 position-relative\">\n              <!---->\n              <!---->\n              <div class=\"w-100 h-y-container h-column__content h-column__v-align flex-basis-100 align-self-lg-start align-self-md-start align-self-start\">\n                <!---->\n                <div data-colibri-id=\"9931-c5\" class=\"h-text h-text-component style-3198 style-local-9931-c5 position-relative h-element\">\n                  <!---->\n                  <!---->\n                  <div class=\"\">\n                    <p>\n                      <br>\n                    <\/p>\n                    <p>Always up to date.<\/p>\n                    <p>What&#8217;s new at Sch\u00e4ferRolls?<\/p>\n                  <\/div>\n                <\/div>\n              <\/div>\n            <\/div>\n          <\/div>\n        <\/div>\n      <\/div>\n    <\/div>\n  <\/div>\n  <div data-colibri-component=\"section\" data-colibri-id=\"9931-c6\" id=\"custom\" class=\"h-section h-section-global-spacing d-flex align-items-lg-center align-items-md-center align-items-center style-3199 style-local-9931-c6 position-relative\">\n    <!---->\n    <!---->\n    <div class=\"h-section-grid-container h-section-boxed-container\">\n      <!---->\n      <div data-colibri-id=\"9931-c7\" class=\"h-row-container gutters-row-lg-2 gutters-row-md-2 gutters-row-0 gutters-row-v-lg-2 gutters-row-v-md-2 gutters-row-v-2 style-3200 style-local-9931-c7 position-relative\">\n        <!---->\n        <div class=\"h-row justify-content-lg-start justify-content-md-start justify-content-start align-items-lg-stretch align-items-md-stretch align-items-stretch gutters-col-lg-2 gutters-col-md-2 gutters-col-0 gutters-col-v-lg-2 gutters-col-v-md-2 gutters-col-v-2\">\n          <!---->\n          <div class=\"h-column h-column-container d-flex h-col-lg-auto h-col-md-auto h-col-auto style-3201-outer style-local-9931-c8-outer\">\n            <div data-colibri-id=\"9931-c8\" class=\"d-flex h-flex-basis h-column__inner h-px-lg-2 h-px-md-2 h-px-2 v-inner-lg-2 v-inner-md-2 v-inner-2 style-3201 style-local-9931-c8 position-relative\">\n              <!---->\n              <!---->\n              <div class=\"w-100 h-y-container h-column__content h-column__v-align flex-basis-100 align-self-lg-start align-self-md-start align-self-start\">\n                <!---->\n                <div data-colibri-id=\"9931-c9\" class=\"h-global-transition-all h-heading style-3202 style-local-9931-c9 position-relative h-element\">\n                  <!---->\n                  <div class=\"h-heading__outer style-3202 style-local-9931-c9\">\n                    <!---->\n                    <!---->\n                    <h2 class=\"\"><span style=\"font-weight: 600;\">Sch\u00e4ferRolls d.o.o.<\/span> Slovenija <span style=\"font-weight: 600;\">solar power plant<\/span><\/h2>\n                  <\/div>\n                <\/div>\n              <\/div>\n            <\/div>\n          <\/div>\n        <\/div>\n      <\/div>\n      <div data-colibri-id=\"9931-c10\" class=\"h-row-container gutters-row-lg-2 gutters-row-md-2 gutters-row-0 gutters-row-v-lg-2 gutters-row-v-md-2 gutters-row-v-2 style-3203 style-local-9931-c10 position-relative\">\n        <!---->\n        <div class=\"h-row justify-content-lg-start justify-content-md-start justify-content-start align-items-lg-stretch align-items-md-stretch align-items-stretch gutters-col-lg-2 gutters-col-md-2 gutters-col-0 gutters-col-v-lg-2 gutters-col-v-md-2 gutters-col-v-2\">\n          <!---->\n          <div class=\"h-column h-column-container d-flex h-col-lg-auto h-col-md-auto h-col-auto style-3204-outer style-local-9931-c11-outer\">\n            <div data-colibri-id=\"9931-c11\" class=\"d-flex h-flex-basis h-column__inner h-px-lg-2 h-px-md-2 h-px-2 v-inner-lg-2 v-inner-md-2 v-inner-2 style-3204 style-local-9931-c11 position-relative\">\n              <!---->\n              <!---->\n              <div class=\"w-100 h-y-container h-column__content h-column__v-align flex-basis-100 align-self-lg-start align-self-md-start align-self-start\">\n                <!---->\n                <div data-colibri-id=\"9931-c12\" class=\"h-text h-text-component style-3206 style-local-9931-c12 position-relative h-element\">\n                  <!---->\n                  <!---->\n                  <div class=\"\">\n                    <p>The Sch\u00e4ferRolls Solar Power Plant (power 253.89 kWp) Project has been awarded a grant of \u20ac 43,006.60 under the Call for proposals to co-finance the construction of new small-scale solar facilities (JR SE OVE 2021), managed by the\n                      Ministry of Infrastructure (now the Ministry of the Environment, Climate and Energy) [\u2026]<\/p>\n                    <p><span style=\"font-weight: 500;\">The project aims to:<\/span><\/p>\n                    <ol>\n                      <li>increase electricity production by harnessing solar energy,<\/li>\n                      <li>ensure partial energy self-sufficiency in the business and production facility,<\/li>\n                      <li>reduce CO\n                        <sub>2<\/sub> greenhouse gas emissions.<\/li>\n                    <\/ol>\n                    <p><span style=\"font-weight: 500;\">The Sch\u00e4ferRolls solar power plant is expected to generate 265,629 kWh of electricity per year. The electricity generation through harnessing solar energy will contribute to reducing CO<\/span>\n                      <sub style=\"font-weight: 500;\">2<\/sub><span style=\"font-weight: 500;\"> emissions by around 130 t\/year.<\/span><\/p>\n                    <p>The Sch\u00e4ferRolls solar power plant is co-financed by the Republic of Slovenia and the European Union under the Cohesion Fund. The public call SE OVE 2021 is implemented under the Operational programme for the implementation of the\n                      EU Cohesion Policy 2014\u20132020, priority axis &#8220;Sustainable consumption and production of energy and smart grids&#8221;, priority investment &#8220;Promotion of the production and distribution of energy from renewable energy sources&#8221; and the specific\n                      objective &#8220;Increasing the share of renewable energy sources in final energy consumption&#8221;.\n                      <br>\n                      <br>\n                    <\/p>\n                    <p>For more information on the European Structural and Investment Funds, visit\n                      <a href=\"http:\/www.eu-skladi.si\" rel=\"nofollow noopener\" target=\"_blank\" class=\"customize-unpreviewable\">www.eu-skladi.si<\/a>\n                    <\/p>\n                  <\/div>\n                <\/div>\n              <\/div>\n            <\/div>\n          <\/div>\n        <\/div>\n      <\/div>\n      <div data-colibri-id=\"9931-c13\" class=\"h-row-container gutters-row-lg-2 gutters-row-md-2 gutters-row-0 gutters-row-v-lg-2 gutters-row-v-md-2 gutters-row-v-2 style-3218 style-local-9931-c13 position-relative\">\n        <!---->\n        <div class=\"h-row justify-content-lg-center justify-content-md-center justify-content-center align-items-lg-stretch align-items-md-stretch align-items-stretch gutters-col-lg-2 gutters-col-md-2 gutters-col-0 gutters-col-v-lg-2 gutters-col-v-md-2 gutters-col-v-2\">\n          <!---->\n          <div class=\"h-column h-column-container d-flex h-col-lg-auto h-col-md-auto h-col-auto style-3219-outer style-local-9931-c14-outer\">\n            <div data-colibri-id=\"9931-c14\" class=\"d-flex h-flex-basis h-column__inner h-px-lg-2 h-px-md-2 h-px-2 v-inner-lg-2 v-inner-md-2 v-inner-2 style-3219 style-local-9931-c14 position-relative\">\n              <!---->\n              <!---->\n              <div class=\"w-100 h-y-container h-column__content h-column__v-align flex-basis-100 align-self-lg-start align-self-md-start align-self-start\">\n                <!---->\n                <div data-colibri-id=\"9931-c15\" class=\"d-block style-3217 style-local-9931-c15 position-relative h-element\">\n                  <!---->\n                  <div class=\"h-image__frame-container-outer\">\n                    <a href=\"http:\/\/www.eu-skladi.si\/\" target=\"_blank\" h-use-smooth-scroll=\"true\" class=\"image-link\" rel=\"noopener\">\n                      <div class=\"h-image__frame-container\">\n                        <!---->\n                        <!---->\n                        <img decoding=\"async\" src=\"https:\/\/schaeferrolls.com\/wp-content\/uploads\/2023\/08\/SR_EU_Kohezijski_Sklad_EN.jpg\" class=\"style-3217-image style-local-9931-c15-image\">\n                        <div class=\"h-image__frame h-hide-lg h-hide-md h-hide-sm style-3217-frameImage style-local-9931-c15-frameImage\"><\/div>\n                      <\/div>\n                    <\/a>\n                  <\/div>\n                <\/div>\n              <\/div>\n            <\/div>\n          <\/div>\n        <\/div>\n      <\/div>\n      <div data-colibri-id=\"9931-c16\" class=\"h-row-container gutters-row-lg-2 gutters-row-md-2 gutters-row-0 gutters-row-v-lg-2 gutters-row-v-md-2 gutters-row-v-2 style-3207 style-local-9931-c16 position-relative\">\n        <!---->\n        <div class=\"h-row justify-content-lg-center justify-content-md-center justify-content-center align-items-lg-stretch align-items-md-stretch align-items-stretch gutters-col-lg-2 gutters-col-md-2 gutters-col-0 gutters-col-v-lg-2 gutters-col-v-md-2 gutters-col-v-2\">\n          <!---->\n          <div class=\"h-column h-column-container d-flex h-col-lg-auto h-col-md-auto h-col-auto style-3208-outer style-local-9931-c17-outer\">\n            <div data-colibri-id=\"9931-c17\" class=\"d-flex h-flex-basis h-column__inner h-px-lg-2 h-px-md-2 h-px-2 v-inner-lg-2 v-inner-md-2 v-inner-2 style-3208 style-local-9931-c17 position-relative\">\n              <!---->\n              <!---->\n              <div class=\"w-100 h-y-container h-column__content h-column__v-align flex-basis-100 align-self-lg-start align-self-md-start align-self-start\">\n                <!---->\n                <div data-colibri-id=\"9931-c18\" class=\"h-x-container style-3209 style-local-9931-c18 position-relative h-element\">\n                  <!---->\n                  <div class=\"h-x-container-inner style-dynamic-9931-c18-group style-3209-spacing style-local-9931-c18-spacing\"><span class=\"h-link__outer style-3210-outer style-local-9931-c19-outer d-inline-flex h-element\"><a h-use-smooth-scroll=\"true\" href=\" https:\/\/schaeferrolls.com\/en\/news\/\" rel=\"nofollow\"  data-colibri-id=\"9931-c19\" class=\"d-flex w-100 align-items-center h-link style-3210 style-local-9931-c19 position-relative\"><!----><!----> <span>BACK TO OVERVIEW<\/span><\/a>\n                    <\/span>\n                  <\/div>\n                <\/div>\n              <\/div>\n            <\/div>\n          <\/div>\n        <\/div>\n      <\/div>\n    <\/div>\n  <\/div>\n  <div data-colibri-component=\"section\" data-colibri-id=\"9931-c20\" id=\"custom-2\" class=\"h-section h-section-global-spacing d-flex align-items-lg-center align-items-md-center align-items-center style-3211 style-local-9931-c20 position-relative\">\n    <!---->\n    <!---->\n    <div class=\"h-section-grid-container h-section-boxed-container\">\n      <!---->\n      <div data-colibri-id=\"9931-c21\" class=\"h-row-container gutters-row-lg-2 gutters-row-md-2 gutters-row-0 gutters-row-v-lg-2 gutters-row-v-md-2 gutters-row-v-2 style-3215 style-local-9931-c21 position-relative\">\n        <!---->\n        <div class=\"h-row justify-content-lg-center justify-content-md-center justify-content-center align-items-lg-stretch align-items-md-stretch align-items-stretch gutters-col-lg-2 gutters-col-md-2 gutters-col-0 gutters-col-v-lg-2 gutters-col-v-md-2 gutters-col-v-2\">\n          <!---->\n          <div class=\"h-column h-column-container d-flex h-col-lg-auto h-col-md-auto h-col-auto style-3216-outer style-local-9931-c22-outer\">\n            <div data-colibri-id=\"9931-c22\" class=\"d-flex h-flex-basis h-column__inner h-ui-empty-state-container h-px-lg-2 h-px-md-2 h-px-2 v-inner-lg-2 v-inner-md-2 v-inner-2 style-3216 style-local-9931-c22 position-relative\">\n              <!---->\n              <!---->\n              <div class=\"w-100 h-y-container h-column__content h-column__v-align flex-basis-100\">\n                <!---->\n              <\/div>\n            <\/div>\n          <\/div>\n        <\/div>\n      <\/div>\n      <div data-colibri-id=\"9931-c23\" class=\"h-row-container gutters-row-lg-2 gutters-row-md-2 gutters-row-0 gutters-row-v-lg-2 gutters-row-v-md-2 gutters-row-v-2 style-3212 style-local-9931-c23 position-relative\">\n        <!---->\n        <div class=\"h-row justify-content-lg-center justify-content-md-center justify-content-center align-items-lg-stretch align-items-md-stretch align-items-stretch gutters-col-lg-2 gutters-col-md-2 gutters-col-0 gutters-col-v-lg-2 gutters-col-v-md-2 gutters-col-v-2\">\n          <!---->\n          <div class=\"h-column h-column-container d-flex h-col-lg-auto h-col-md-auto h-col-auto style-3213-outer style-local-9931-c24-outer\">\n            <div data-colibri-id=\"9931-c24\" class=\"d-flex h-flex-basis h-column__inner h-ui-empty-state-container h-px-lg-2 h-px-md-2 h-px-2 v-inner-lg-2 v-inner-md-2 v-inner-2 style-3213 style-local-9931-c24 position-relative\">\n              <!---->\n              <!---->\n              <div class=\"w-100 h-y-container h-column__content h-column__v-align flex-basis-100\">\n                <!---->\n              <\/div>\n            <\/div>\n          <\/div>\n        <\/div>\n      <\/div>\n    <\/div>\n  <\/div>\n<\/div>","protected":false},"excerpt":{"rendered":"<p>Always up to date. What&#8217;s new at Sch\u00e4ferRolls? Sch\u00e4ferRolls d.o.o. Slovenija solar power plant The Sch\u00e4ferRolls Solar Power Plant (power 253.89 kWp) Project has been awarded a grant of \u20ac 43,006.60 under the Call for proposals to co-finance the construction of new small-scale solar facilities (JR SE OVE 2021), managed by the Ministry of Infrastructure [&hellip;]<\/p>\n","protected":false},"author":2,"featured_media":0,"parent":2921,"menu_order":0,"comment_status":"closed","ping_status":"closed","template":"page-templates\/full-width-page.php","meta":{"footnotes":""},"class_list":["post-9931","page","type-page","status-publish","hentry"],"_links":{"self":[{"href":"https:\/\/schaeferrolls.com\/en\/wp-json\/wp\/v2\/pages\/9931","targetHints":{"allow":["GET"]}}],"collection":[{"href":"https:\/\/schaeferrolls.com\/en\/wp-json\/wp\/v2\/pages"}],"about":[{"href":"https:\/\/schaeferrolls.com\/en\/wp-json\/wp\/v2\/types\/page"}],"author":[{"embeddable":true,"href":"https:\/\/schaeferrolls.com\/en\/wp-json\/wp\/v2\/users\/2"}],"replies":[{"embeddable":true,"href":"https:\/\/schaeferrolls.com\/en\/wp-json\/wp\/v2\/comments?post=9931"}],"version-history":[{"count":7,"href":"https:\/\/schaeferrolls.com\/en\/wp-json\/wp\/v2\/pages\/9931\/revisions"}],"predecessor-version":[{"id":10142,"href":"https:\/\/schaeferrolls.com\/en\/wp-json\/wp\/v2\/pages\/9931\/revisions\/10142"}],"up":[{"embeddable":true,"href":"https:\/\/schaeferrolls.com\/en\/wp-json\/wp\/v2\/pages\/2921"}],"wp:attachment":[{"href":"https:\/\/schaeferrolls.com\/en\/wp-json\/wp\/v2\/media?parent=9931"}],"curies":[{"name":"wp","href":"https:\/\/api.w.org\/{rel}","templated":true}]}}